{"id":692,"date":"2020-10-08T19:54:48","date_gmt":"2020-10-08T17:54:48","guid":{"rendered":"https:\/\/www.eslebedasauto.at\/?page_id=692"},"modified":"2026-01-07T12:28:57","modified_gmt":"2026-01-07T11:28:57","slug":"impressum-es-lebe-das-auto-oesterreichisches-automagazin","status":"publish","type":"page","link":"https:\/\/www.eslebedasauto.at\/en\/impressum-es-lebe-das-auto-oesterreichisches-automagazin\/","title":{"rendered":"Legal notice"},"content":{"rendered":"<div data-elementor-type=\"wp-page\" data-elementor-id=\"692\" class=\"elementor elementor-692\" data-elementor-post-type=\"page\">\n\t\t\t\t\t\t<section class=\"elementor-section elementor-top-section elementor-element elementor-element-10d952b elementor-section-boxed elementor-section-height-default elementor-section-height-default\" data-id=\"10d952b\" data-element_type=\"section\" data-e-type=\"section\">\n\t\t\t\t\t\t<div class=\"elementor-container elementor-column-gap-default\">\n\t\t\t\t\t<div class=\"elementor-column elementor-col-100 elementor-top-column elementor-element elementor-element-0fa9252\" data-id=\"0fa9252\" data-element_type=\"column\" data-e-type=\"column\">\n\t\t\t<div class=\"elementor-widget-wrap elementor-element-populated\">\n\t\t\t\t\t\t<div class=\"elementor-element elementor-element-769e51c elementor-widget elementor-widget-text-editor\" data-id=\"769e51c\" data-element_type=\"widget\" data-e-type=\"widget\" data-widget_type=\"text-editor.default\">\n\t\t\t\t<div class=\"elementor-widget-container\">\n\t\t\t\t\t\t\t\t\t<section class=\"impressum\"><h2 id=\"medieninhaber-herausgeber\">Medieninhaber \/ Herausgeber<\/h2><p><strong>Die Netzwerkkapit\u00e4ne OG<br \/>ES LEBE DAS AUTO<\/strong><\/p><p>Timesbergerstra\u00dfe 1a<br \/>4060 Leonding<\/p><p><a href=\"mailto:office@nwkt.at\">office@nwkt.at<\/a><br \/><br \/>Website: <a href=\"https:\/\/www.eslebedasauto.at\/en\/\">eslebedasauto.at<\/a><\/p><h2 id=\"register-und-registernummer\">Register und Registernummer<\/h2><p>Umsatzsteuer Identifikationsnummer (USt-ID):<br \/>ATU71856903<\/p><p>Gesch\u00e4ftsbereich: Werbeagentur<\/p><p>AGB: <a href=\"https:\/\/www.nwkt.at\/agb\/\">https:\/\/www.nwkt.at\/agb\/<\/a><\/p><p>Firmenbuch<br \/>Gef\u00fchrt bei: Landesgericht Linz<br \/>Nummer: 464407b<\/p><h2 id=\"blattlinie-%c2%a7-25-abs-4-medieng\">Blattlinie (\u00a7 25 Abs. 4 MedienG)<\/h2><p>Unabh\u00e4ngiges Online-Magazin mit Fokus auf Automobilkultur, redaktionellen Fahrberichten, Autotests, News und Motorsport-Berichterstattung.<\/p><h2 id=\"grundlegende-richtung-%c2%a7-25-abs-2-medieng\">Grundlegende Richtung (\u00a7 25 Abs. 2 MedienG)<\/h2><p>Informations- und Serviceangebot f\u00fcr Leserinnen und Leser zum Thema Pkw\/Automobil, inklusive Tests, Kaufberatung, Technik, Mobilit\u00e4t und Motorsport.<\/p><h2 id=\"urheberrecht\">Urheberrecht<\/h2><p>Inhalte, Bilder und Grafiken sind urheberrechtlich gesch\u00fctzt. Nutzung nur nach schriftlicher Zustimmung. Bildnachweise: Die Netzwerkkapit\u00e4ne OG<\/p><h2 id=\"haftungsausschluss\">Haftungsausschluss<\/h2><p>Alle Inhalte werden sorgf\u00e4ltig erstellt, dennoch keine Gew\u00e4hr f\u00fcr Richtigkeit, Vollst\u00e4ndigkeit und Aktualit\u00e4t. Verlinkte externe Seiten liegen au\u00dferhalb unseres Einflussbereichs; f\u00fcr deren Inhalte sind ausschlie\u00dflich deren Betreiber verantwortlich.<\/p><h2 id=\"datenschutz\">Datenschutz<\/h2><p>Hinweise zum Datenschutz findest du in unserer <a href=\"\/en\/datenschutz\/\">Privacy Policy<\/a>.<\/p><\/section>\t\t\t\t\t\t\t\t<\/div>\n\t\t\t\t<\/div>\n\t\t\t\t\t<\/div>\n\t\t<\/div>\n\t\t\t\t\t<\/div>\n\t\t<\/section>\n\t\t\t\t<\/div>","protected":false},"excerpt":{"rendered":"<p>Medieninhaber \/ Herausgeber Die Netzwerkkapit\u00e4ne OGES LEBE DAS AUTO Timesbergerstra\u00dfe 1a4060 Leonding office@nwkt.at Website: eslebedasauto.at Register und Registernummer Umsatzsteuer Identifikationsnummer (USt-ID):ATU71856903 Gesch\u00e4ftsbereich: Werbeagentur AGB: https:\/\/www.nwkt.at\/agb\/ FirmenbuchGef\u00fchrt bei: Landesgericht LinzNummer: 464407b Blattlinie (\u00a7 25 Abs. 4 MedienG) Unabh\u00e4ngiges Online-Magazin mit Fokus auf Automobilkultur, redaktionellen Fahrberichten, Autotests, News und Motorsport-Berichterstattung. Grundlegende Richtung (\u00a7 25 Abs. 2 MedienG)&hellip;&nbsp;<a href=\"https:\/\/www.eslebedasauto.at\/en\/impressum-es-lebe-das-auto-oesterreichisches-automagazin\/\" rel=\"bookmark\">Read More &raquo;<span class=\"screen-reader-text\">Legal notice<\/span><\/a><\/p>","protected":false},"author":1,"featured_media":100993,"parent":0,"menu_order":0,"comment_status":"closed","ping_status":"closed","template":"","meta":{"neve_meta_sidebar":"","neve_meta_container":"","neve_meta_enable_content_width":"","neve_meta_content_width":0,"neve_meta_title_alignment":"","neve_meta_author_avatar":"","neve_post_elements_order":"","neve_meta_disable_header":"","neve_meta_disable_footer":"","neve_meta_disable_title":"","neve_meta_reading_time":"","footnotes":""},"class_list":["post-692","page","type-page","status-publish","has-post-thumbnail","hentry"],"yoast_head":"<!-- This site is optimized with the Yoast SEO plugin v26.8 - https:\/\/yoast.com\/product\/yoast-seo-wordpress\/ -->\n<title>Impressum - Es lebe das Auto<\/title>\n<meta name=\"description\" content=\"Rechtliche Informationen, Medieninhaber und Kontakt von ES LEBE DAS AUTO \u2013 dem Online-Magazin f\u00fcr Autotests, Fahrberichte &amp; Motorsport.\" \/>\n<meta name=\"robots\" content=\"index, follow, max-snippet:-1, max-image-preview:large, max-video-preview:-1\" \/>\n<link rel=\"canonical\" href=\"https:\/\/www.eslebedasauto.at\/en\/impressum-es-lebe-das-auto-oesterreichisches-automagazin\/\" \/>\n<meta property=\"og:locale\" content=\"en_GB\" \/>\n<meta property=\"og:type\" content=\"article\" \/>\n<meta property=\"og:title\" content=\"Impressum - Es lebe das Auto\" \/>\n<meta property=\"og:description\" content=\"Rechtliche Informationen, Medieninhaber und Kontakt von ES LEBE DAS AUTO \u2013 dem Online-Magazin f\u00fcr Autotests, Fahrberichte &amp; Motorsport.\" \/>\n<meta property=\"og:url\" content=\"https:\/\/www.eslebedasauto.at\/en\/impressum-es-lebe-das-auto-oesterreichisches-automagazin\/\" \/>\n<meta property=\"og:site_name\" content=\"Es lebe das Auto\" \/>\n<meta property=\"article:publisher\" content=\"https:\/\/www.facebook.com\/eslebedasauto.at\" \/>\n<meta property=\"article:modified_time\" content=\"2026-01-07T11:28:57+00:00\" \/>\n<meta property=\"og:image\" content=\"https:\/\/www.eslebedasauto.at\/wp-content\/uploads\/2025\/10\/eldarund.png\" \/>\n\t<meta property=\"og:image:width\" content=\"1024\" \/>\n\t<meta property=\"og:image:height\" content=\"1024\" \/>\n\t<meta property=\"og:image:type\" content=\"image\/png\" \/>\n<meta name=\"twitter:card\" content=\"summary_large_image\" \/>\n<meta name=\"twitter:label1\" content=\"Estimated reading time\" \/>\n\t<meta name=\"twitter:data1\" content=\"1 minute\" \/>\n<script type=\"application\/ld+json\" class=\"yoast-schema-graph\">{\"@context\":\"https:\/\/schema.org\",\"@graph\":[{\"@type\":\"WebPage\",\"@id\":\"https:\/\/www.eslebedasauto.at\/impressum-es-lebe-das-auto-oesterreichisches-automagazin\/\",\"url\":\"https:\/\/www.eslebedasauto.at\/impressum-es-lebe-das-auto-oesterreichisches-automagazin\/\",\"name\":\"Impressum - Es lebe das Auto\",\"isPartOf\":{\"@id\":\"https:\/\/www.eslebedasauto.at\/#website\"},\"primaryImageOfPage\":{\"@id\":\"https:\/\/www.eslebedasauto.at\/impressum-es-lebe-das-auto-oesterreichisches-automagazin\/#primaryimage\"},\"image\":{\"@id\":\"https:\/\/www.eslebedasauto.at\/impressum-es-lebe-das-auto-oesterreichisches-automagazin\/#primaryimage\"},\"thumbnailUrl\":\"https:\/\/www.eslebedasauto.at\/wp-content\/uploads\/2025\/10\/eldarund.png\",\"datePublished\":\"2020-10-08T17:54:48+00:00\",\"dateModified\":\"2026-01-07T11:28:57+00:00\",\"description\":\"Rechtliche Informationen, Medieninhaber und Kontakt von ES LEBE DAS AUTO \u2013 dem Online-Magazin f\u00fcr Autotests, Fahrberichte & Motorsport.\",\"breadcrumb\":{\"@id\":\"https:\/\/www.eslebedasauto.at\/impressum-es-lebe-das-auto-oesterreichisches-automagazin\/#breadcrumb\"},\"inLanguage\":\"en-GB\",\"potentialAction\":[{\"@type\":\"ReadAction\",\"target\":[\"https:\/\/www.eslebedasauto.at\/impressum-es-lebe-das-auto-oesterreichisches-automagazin\/\"]}]},{\"@type\":\"ImageObject\",\"inLanguage\":\"en-GB\",\"@id\":\"https:\/\/www.eslebedasauto.at\/impressum-es-lebe-das-auto-oesterreichisches-automagazin\/#primaryimage\",\"url\":\"https:\/\/www.eslebedasauto.at\/wp-content\/uploads\/2025\/10\/eldarund.png\",\"contentUrl\":\"https:\/\/www.eslebedasauto.at\/wp-content\/uploads\/2025\/10\/eldarund.png\",\"width\":1024,\"height\":1024,\"caption\":\"Eslebedasauto Logo Rund\"},{\"@type\":\"BreadcrumbList\",\"@id\":\"https:\/\/www.eslebedasauto.at\/impressum-es-lebe-das-auto-oesterreichisches-automagazin\/#breadcrumb\",\"itemListElement\":[{\"@type\":\"ListItem\",\"position\":1,\"name\":\"Startseite\",\"item\":\"https:\/\/www.eslebedasauto.at\/\"},{\"@type\":\"ListItem\",\"position\":2,\"name\":\"Impressum\"}]},{\"@type\":\"WebSite\",\"@id\":\"https:\/\/www.eslebedasauto.at\/#website\",\"url\":\"https:\/\/www.eslebedasauto.at\/\",\"name\":\"Es lebe das Auto\",\"description\":\"ein Hoch auf den Individualverkehr\",\"publisher\":{\"@id\":\"https:\/\/www.eslebedasauto.at\/#organization\"},\"potentialAction\":[{\"@type\":\"SearchAction\",\"target\":{\"@type\":\"EntryPoint\",\"urlTemplate\":\"https:\/\/www.eslebedasauto.at\/?s={search_term_string}\"},\"query-input\":{\"@type\":\"PropertyValueSpecification\",\"valueRequired\":true,\"valueName\":\"search_term_string\"}}],\"inLanguage\":\"en-GB\"},{\"@type\":\"Organization\",\"@id\":\"https:\/\/www.eslebedasauto.at\/#organization\",\"name\":\"eslebedasauto\",\"url\":\"https:\/\/www.eslebedasauto.at\/\",\"logo\":{\"@type\":\"ImageObject\",\"inLanguage\":\"en-GB\",\"@id\":\"https:\/\/www.eslebedasauto.at\/#\/schema\/logo\/image\/\",\"url\":\"https:\/\/www.eslebedasauto.at\/wp-content\/uploads\/2025\/10\/eldarund.png\",\"contentUrl\":\"https:\/\/www.eslebedasauto.at\/wp-content\/uploads\/2025\/10\/eldarund.png\",\"width\":1024,\"height\":1024,\"caption\":\"eslebedasauto\"},\"image\":{\"@id\":\"https:\/\/www.eslebedasauto.at\/#\/schema\/logo\/image\/\"},\"sameAs\":[\"https:\/\/www.facebook.com\/eslebedasauto.at\",\"https:\/\/www.instagram.com\/es_lebe_das_auto\/\"]}]}<\/script>\n<!-- \/ Yoast SEO plugin. -->","yoast_head_json":{"title":"Impressum - Es lebe das Auto","description":"Rechtliche Informationen, Medieninhaber und Kontakt von ES LEBE DAS AUTO \u2013 dem Online-Magazin f\u00fcr Autotests, Fahrberichte & Motorsport.","robots":{"index":"index","follow":"follow","max-snippet":"max-snippet:-1","max-image-preview":"max-image-preview:large","max-video-preview":"max-video-preview:-1"},"canonical":"https:\/\/www.eslebedasauto.at\/en\/impressum-es-lebe-das-auto-oesterreichisches-automagazin\/","og_locale":"en_GB","og_type":"article","og_title":"Impressum - Es lebe das Auto","og_description":"Rechtliche Informationen, Medieninhaber und Kontakt von ES LEBE DAS AUTO \u2013 dem Online-Magazin f\u00fcr Autotests, Fahrberichte & Motorsport.","og_url":"https:\/\/www.eslebedasauto.at\/en\/impressum-es-lebe-das-auto-oesterreichisches-automagazin\/","og_site_name":"Es lebe das Auto","article_publisher":"https:\/\/www.facebook.com\/eslebedasauto.at","article_modified_time":"2026-01-07T11:28:57+00:00","og_image":[{"width":1024,"height":1024,"url":"https:\/\/www.eslebedasauto.at\/wp-content\/uploads\/2025\/10\/eldarund.png","type":"image\/png"}],"twitter_card":"summary_large_image","twitter_misc":{"Estimated reading time":"1 minute"},"schema":{"@context":"https:\/\/schema.org","@graph":[{"@type":"WebPage","@id":"https:\/\/www.eslebedasauto.at\/impressum-es-lebe-das-auto-oesterreichisches-automagazin\/","url":"https:\/\/www.eslebedasauto.at\/impressum-es-lebe-das-auto-oesterreichisches-automagazin\/","name":"Impressum - Es lebe das Auto","isPartOf":{"@id":"https:\/\/www.eslebedasauto.at\/#website"},"primaryImageOfPage":{"@id":"https:\/\/www.eslebedasauto.at\/impressum-es-lebe-das-auto-oesterreichisches-automagazin\/#primaryimage"},"image":{"@id":"https:\/\/www.eslebedasauto.at\/impressum-es-lebe-das-auto-oesterreichisches-automagazin\/#primaryimage"},"thumbnailUrl":"https:\/\/www.eslebedasauto.at\/wp-content\/uploads\/2025\/10\/eldarund.png","datePublished":"2020-10-08T17:54:48+00:00","dateModified":"2026-01-07T11:28:57+00:00","description":"Rechtliche Informationen, Medieninhaber und Kontakt von ES LEBE DAS AUTO \u2013 dem Online-Magazin f\u00fcr Autotests, Fahrberichte & Motorsport.","breadcrumb":{"@id":"https:\/\/www.eslebedasauto.at\/impressum-es-lebe-das-auto-oesterreichisches-automagazin\/#breadcrumb"},"inLanguage":"en-GB","potentialAction":[{"@type":"ReadAction","target":["https:\/\/www.eslebedasauto.at\/impressum-es-lebe-das-auto-oesterreichisches-automagazin\/"]}]},{"@type":"ImageObject","inLanguage":"en-GB","@id":"https:\/\/www.eslebedasauto.at\/impressum-es-lebe-das-auto-oesterreichisches-automagazin\/#primaryimage","url":"https:\/\/www.eslebedasauto.at\/wp-content\/uploads\/2025\/10\/eldarund.png","contentUrl":"https:\/\/www.eslebedasauto.at\/wp-content\/uploads\/2025\/10\/eldarund.png","width":1024,"height":1024,"caption":"Eslebedasauto Logo Rund"},{"@type":"BreadcrumbList","@id":"https:\/\/www.eslebedasauto.at\/impressum-es-lebe-das-auto-oesterreichisches-automagazin\/#breadcrumb","itemListElement":[{"@type":"ListItem","position":1,"name":"Startseite","item":"https:\/\/www.eslebedasauto.at\/"},{"@type":"ListItem","position":2,"name":"Impressum"}]},{"@type":"WebSite","@id":"https:\/\/www.eslebedasauto.at\/#website","url":"https:\/\/www.eslebedasauto.at\/","name":"Es lebe das Auto","description":"ein Hoch auf den Individualverkehr","publisher":{"@id":"https:\/\/www.eslebedasauto.at\/#organization"},"potentialAction":[{"@type":"SearchAction","target":{"@type":"EntryPoint","urlTemplate":"https:\/\/www.eslebedasauto.at\/?s={search_term_string}"},"query-input":{"@type":"PropertyValueSpecification","valueRequired":true,"valueName":"search_term_string"}}],"inLanguage":"en-GB"},{"@type":"Organization","@id":"https:\/\/www.eslebedasauto.at\/#organization","name":"eslebedasauto","url":"https:\/\/www.eslebedasauto.at\/","logo":{"@type":"ImageObject","inLanguage":"en-GB","@id":"https:\/\/www.eslebedasauto.at\/#\/schema\/logo\/image\/","url":"https:\/\/www.eslebedasauto.at\/wp-content\/uploads\/2025\/10\/eldarund.png","contentUrl":"https:\/\/www.eslebedasauto.at\/wp-content\/uploads\/2025\/10\/eldarund.png","width":1024,"height":1024,"caption":"eslebedasauto"},"image":{"@id":"https:\/\/www.eslebedasauto.at\/#\/schema\/logo\/image\/"},"sameAs":["https:\/\/www.facebook.com\/eslebedasauto.at","https:\/\/www.instagram.com\/es_lebe_das_auto\/"]}]}},"_links":{"self":[{"href":"https:\/\/www.eslebedasauto.at\/en\/wp-json\/wp\/v2\/pages\/692","targetHints":{"allow":["GET"]}}],"collection":[{"href":"https:\/\/www.eslebedasauto.at\/en\/wp-json\/wp\/v2\/pages"}],"about":[{"href":"https:\/\/www.eslebedasauto.at\/en\/wp-json\/wp\/v2\/types\/page"}],"author":[{"embeddable":true,"href":"https:\/\/www.eslebedasauto.at\/en\/wp-json\/wp\/v2\/users\/1"}],"replies":[{"embeddable":true,"href":"https:\/\/www.eslebedasauto.at\/en\/wp-json\/wp\/v2\/comments?post=692"}],"version-history":[{"count":29,"href":"https:\/\/www.eslebedasauto.at\/en\/wp-json\/wp\/v2\/pages\/692\/revisions"}],"predecessor-version":[{"id":101870,"href":"https:\/\/www.eslebedasauto.at\/en\/wp-json\/wp\/v2\/pages\/692\/revisions\/101870"}],"wp:featuredmedia":[{"embeddable":true,"href":"https:\/\/www.eslebedasauto.at\/en\/wp-json\/wp\/v2\/media\/100993"}],"wp:attachment":[{"href":"https:\/\/www.eslebedasauto.at\/en\/wp-json\/wp\/v2\/media?parent=692"}],"curies":[{"name":"wp","href":"https:\/\/api.w.org\/{rel}","templated":true}]}}